{"id":4650,"date":"2019-11-26T16:47:42","date_gmt":"2019-11-26T15:47:42","guid":{"rendered":"http:\/\/xtraflex.com\/customer-information\/triclamp\/"},"modified":"2019-11-28T09:46:54","modified_gmt":"2019-11-28T08:46:54","slug":"triclamp","status":"publish","type":"page","link":"https:\/\/xtraflex.com\/de\/customer-information\/triclamp\/","title":{"rendered":"Triclamps"},"content":{"rendered":"<p>Unten k\u00f6nnen Sie ein \u00dcbersicht von den oft verwendeten Standard DIN 32676 zur\u00fcckfinden.<\/p>\n<p>Unsere Artikelnummer ist logisch aufgebaut:<\/p>\n<p>Beispiel &#8222;TRI252Hxxx094&#8220; nach DIN 32676 Reihe C (ASME BPE):<\/p>\n<ul class=\"rich-text editor-rich-text__editable block-editor-rich-text__editable\" role=\"textbox\" contenteditable=\"true\" aria-multiline=\"true\" aria-label=\"Write list\u2026\">\n<li>&#8222;TRI&#8220; f\u00fcr Triclamp.<\/li>\n<li>&#8222;25&#8220; ist der Flanschdurchmesser.<\/li>\n<li>&#8222;2&#8220; ist unser Artikelcode f\u00fcr das Material, in diesem Fall 316L.<\/li>\n<li>&#8222;H&#8220; f\u00fcr hydraulischen Stutz. Wir verwenden auch Industrie-St\u00fctze, diese Artikel sind ohne &#8222;H&#8220;.<\/li>\n<li>&#8222;xxx&#8220; f\u00fcr den Schlauchnennweite.<\/li>\n<li>&#8222;094&#8220; f\u00fcr die ID der Triclamp, die in diesem Fall 9,4 mm betr\u00e4gt.<\/li>\n<\/ul>\n<p><img loading=\"lazy\" decoding=\"async\" class=\"alignnone size-full wp-image-4629\" src=\"http:\/\/xtraflex.com\/wp-content\/uploads\/2019\/11\/image.png\" alt=\"\" width=\"589\" height=\"384\" srcset=\"https:\/\/xtraflex.com\/wp-content\/uploads\/2019\/11\/image.png 589w, https:\/\/xtraflex.com\/wp-content\/uploads\/2019\/11\/image-300x196.png 300w\" sizes=\"auto, (max-width: 589px) 100vw, 589px\" \/><\/p>\n<p>DIN 32676 Reihe A (DIN Abmessungen)<\/p>\n\n<table id=\"tablepress-2\" class=\"tablepress tablepress-id-2\">\n<thead>\n<tr class=\"row-1\">\n\t<th class=\"column-1\">Size<\/th><th class=\"column-2\">Flange \u00d8 (mm)<\/th><th class=\"column-3\">ID \u00d8 (mm)<\/th><th class=\"column-4\">Our item reference<\/th>\n<\/tr>\n<\/thead>\n<tbody class=\"row-striping row-hover\">\n<tr class=\"row-2\">\n\t<td class=\"column-1\">DN 6<\/td><td class=\"column-2\">25,0<\/td><td class=\"column-3\">6,0<\/td><td class=\"column-4\">TRI252Hxxx060<\/td>\n<\/tr>\n<tr class=\"row-3\">\n\t<td class=\"column-1\">DN 8<\/td><td class=\"column-2\">25,0<\/td><td class=\"column-3\">8,0<\/td><td class=\"column-4\">TRI252Hxxx080<\/td>\n<\/tr>\n<tr class=\"row-4\">\n\t<td class=\"column-1\">DN 10<\/td><td class=\"column-2\">34,0<\/td><td class=\"column-3\">10,0<\/td><td class=\"column-4\">TRI342Hxxx100<\/td>\n<\/tr>\n<tr class=\"row-5\">\n\t<td class=\"column-1\">DN 15<\/td><td class=\"column-2\">34,0<\/td><td class=\"column-3\">16,0<\/td><td class=\"column-4\">TRI342Hxxx160<\/td>\n<\/tr>\n<tr class=\"row-6\">\n\t<td class=\"column-1\">DN 20<\/td><td class=\"column-2\">34,0<\/td><td class=\"column-3\">20,0<\/td><td class=\"column-4\">TRI342Hxxx200<\/td>\n<\/tr>\n<tr class=\"row-7\">\n\t<td class=\"column-1\">DN 25<\/td><td class=\"column-2\">50,5<\/td><td class=\"column-3\">26,0<\/td><td class=\"column-4\">TRI502Hxxx260<\/td>\n<\/tr>\n<tr class=\"row-8\">\n\t<td class=\"column-1\">DN 32<\/td><td class=\"column-2\">50,5<\/td><td class=\"column-3\">32,0<\/td><td class=\"column-4\">TRI502Hxxx320<\/td>\n<\/tr>\n<tr class=\"row-9\">\n\t<td class=\"column-1\">DN 40<\/td><td class=\"column-2\">50,5<\/td><td class=\"column-3\">38,0<\/td><td class=\"column-4\">TRI502Hxxx380<\/td>\n<\/tr>\n<tr class=\"row-10\">\n\t<td class=\"column-1\">DN 50<\/td><td class=\"column-2\">64,0<\/td><td class=\"column-3\">50,0<\/td><td class=\"column-4\">TRI642Hxxx500<\/td>\n<\/tr>\n<tr class=\"row-11\">\n\t<td class=\"column-1\">DN 65<\/td><td class=\"column-2\">91,0<\/td><td class=\"column-3\">66,0<\/td><td class=\"column-4\">TRI912xxx660<\/td>\n<\/tr>\n<tr class=\"row-12\">\n\t<td class=\"column-1\">DN 80<\/td><td class=\"column-2\">106,0<\/td><td class=\"column-3\">81,0<\/td><td class=\"column-4\">TRI1062xxx810<\/td>\n<\/tr>\n<tr class=\"row-13\">\n\t<td class=\"column-1\">DN 100<\/td><td class=\"column-2\">119,0<\/td><td class=\"column-3\">100,0<\/td><td class=\"column-4\">TRI1192xxx100<\/td>\n<\/tr>\n<tr class=\"row-14\">\n\t<td class=\"column-1\">DN 125<\/td><td class=\"column-2\">155,0<\/td><td class=\"column-3\">125,0<\/td><td class=\"column-4\">TRI1552xxx125<\/td>\n<\/tr>\n<tr class=\"row-15\">\n\t<td class=\"column-1\">DN 150<\/td><td class=\"column-2\">183,0<\/td><td class=\"column-3\">150,0<\/td><td class=\"column-4\">TRI1832xxx150<\/td>\n<\/tr>\n<tr class=\"row-16\">\n\t<td class=\"column-1\">DN 200<\/td><td class=\"column-2\">233,5<\/td><td class=\"column-3\">200,0<\/td><td class=\"column-4\">TRI2332xxx200<\/td>\n<\/tr>\n<\/tbody>\n<\/table>\n\n<p>&nbsp;<\/p>\n<p>DIN 32676 Reihe B (ISO Abmessungen)<\/p>\n\n<table id=\"tablepress-3\" class=\"tablepress tablepress-id-3\">\n<thead>\n<tr class=\"row-1\">\n\t<th class=\"column-1\">Size<\/th><th class=\"column-2\">Flange \u00d8 (mm)<\/th><th class=\"column-3\">ID \u00d8 (mm)<\/th><th class=\"column-4\">Our item reference<\/th>\n<\/tr>\n<\/thead>\n<tbody class=\"row-striping row-hover\">\n<tr class=\"row-2\">\n\t<td class=\"column-1\">DN 10,2<\/td><td class=\"column-2\">25,0<\/td><td class=\"column-3\">7,0<\/td><td class=\"column-4\">TRI252Hxxx070<\/td>\n<\/tr>\n<tr class=\"row-3\">\n\t<td class=\"column-1\">DN 13,5<\/td><td class=\"column-2\">25,0<\/td><td class=\"column-3\">10,3<\/td><td class=\"column-4\">TRI252Hxxx103<\/td>\n<\/tr>\n<tr class=\"row-4\">\n\t<td class=\"column-1\">DN 17,2<\/td><td class=\"column-2\">25,0<\/td><td class=\"column-3\">14,0<\/td><td class=\"column-4\">TRI252Hxxx140<\/td>\n<\/tr>\n<tr class=\"row-5\">\n\t<td class=\"column-1\">DN 21,3<\/td><td class=\"column-2\">50,5<\/td><td class=\"column-3\">18,1<\/td><td class=\"column-4\">TRI502Hxxx181<\/td>\n<\/tr>\n<tr class=\"row-6\">\n\t<td class=\"column-1\">DN 26,9<\/td><td class=\"column-2\">50,5<\/td><td class=\"column-3\">23,7<\/td><td class=\"column-4\">TRI502Hxxx237<\/td>\n<\/tr>\n<tr class=\"row-7\">\n\t<td class=\"column-1\">DN 33,7<\/td><td class=\"column-2\">50,5<\/td><td class=\"column-3\">29,7<\/td><td class=\"column-4\">TRI502Hxxx297<\/td>\n<\/tr>\n<tr class=\"row-8\">\n\t<td class=\"column-1\">DN 42,4<\/td><td class=\"column-2\">64,0<\/td><td class=\"column-3\">38,4<\/td><td class=\"column-4\">TRI642Hxxx384<\/td>\n<\/tr>\n<tr class=\"row-9\">\n\t<td class=\"column-1\">DN 48,3<\/td><td class=\"column-2\">64,0<\/td><td class=\"column-3\">44,3<\/td><td class=\"column-4\">TRI642Hxxx443<\/td>\n<\/tr>\n<tr class=\"row-10\">\n\t<td class=\"column-1\">DN 60,3<\/td><td class=\"column-2\">77,5<\/td><td class=\"column-3\">56,3<\/td><td class=\"column-4\">TRI772xxx563<\/td>\n<\/tr>\n<tr class=\"row-11\">\n\t<td class=\"column-1\">DN 76,1<\/td><td class=\"column-2\">91,0<\/td><td class=\"column-3\">72,1<\/td><td class=\"column-4\">TRI912xxx721<\/td>\n<\/tr>\n<tr class=\"row-12\">\n\t<td class=\"column-1\">DN 88,9<\/td><td class=\"column-2\">106,0<\/td><td class=\"column-3\">84,3<\/td><td class=\"column-4\">TRI1062xxx843<\/td>\n<\/tr>\n<tr class=\"row-13\">\n\t<td class=\"column-1\">DN 114,3<\/td><td class=\"column-2\">130,0<\/td><td class=\"column-3\">109,7<\/td><td class=\"column-4\">TRI1302xxx110<\/td>\n<\/tr>\n<tr class=\"row-14\">\n\t<td class=\"column-1\">DN 139,7<\/td><td class=\"column-2\">155,0<\/td><td class=\"column-3\">134,5<\/td><td class=\"column-4\">TRI1552xxx135<\/td>\n<\/tr>\n<tr class=\"row-15\">\n\t<td class=\"column-1\">DN 168,3<\/td><td class=\"column-2\">183,0<\/td><td class=\"column-3\">163,1<\/td><td class=\"column-4\">TRI1832xxx163<\/td>\n<\/tr>\n<tr class=\"row-16\">\n\t<td class=\"column-1\">DN 219,1<\/td><td class=\"column-2\">233,5<\/td><td class=\"column-3\">213,9<\/td><td class=\"column-4\">TRI2362xxx214<\/td>\n<\/tr>\n<\/tbody>\n<\/table>\n\n<p>&nbsp;<\/p>\n<p>DIN 32676 Reihe C (ASME BPE Abmessungen)<\/p>\n\n<table id=\"tablepress-4\" class=\"tablepress tablepress-id-4\">\n<thead>\n<tr class=\"row-1\">\n\t<th class=\"column-1\">Size<\/th><th class=\"column-2\">Flange \u00d8 (mm)<\/th><th class=\"column-3\">ID \u00d8 (mm)<\/th><th class=\"column-4\">Our item reference<\/th>\n<\/tr>\n<\/thead>\n<tbody class=\"row-striping row-hover\">\n<tr class=\"row-2\">\n\t<td class=\"column-1\">1\/4\"<\/td><td class=\"column-2\">25,0<\/td><td class=\"column-3\">4,57<\/td><td class=\"column-4\">TRI252Hxxx046<\/td>\n<\/tr>\n<tr class=\"row-3\">\n\t<td class=\"column-1\">3\/8\"<\/td><td class=\"column-2\">25,0<\/td><td class=\"column-3\">7,75<\/td><td class=\"column-4\">TRI252Hxxx078<\/td>\n<\/tr>\n<tr class=\"row-4\">\n\t<td class=\"column-1\">1\/2\"<\/td><td class=\"column-2\">25,0<\/td><td class=\"column-3\">9,40<\/td><td class=\"column-4\">TRI252Hxxx094<\/td>\n<\/tr>\n<tr class=\"row-5\">\n\t<td class=\"column-1\">3\/4\"<\/td><td class=\"column-2\">25,0<\/td><td class=\"column-3\">15,75<\/td><td class=\"column-4\">TRI252Hxxx158<\/td>\n<\/tr>\n<tr class=\"row-6\">\n\t<td class=\"column-1\">1\"<\/td><td class=\"column-2\">50,5<\/td><td class=\"column-3\">22,10<\/td><td class=\"column-4\">TRI502Hxxx221<\/td>\n<\/tr>\n<tr class=\"row-7\">\n\t<td class=\"column-1\">1 1\/2\"<\/td><td class=\"column-2\">50,5<\/td><td class=\"column-3\">34,80<\/td><td class=\"column-4\">TRI502Hxxx348<\/td>\n<\/tr>\n<tr class=\"row-8\">\n\t<td class=\"column-1\">2\"<\/td><td class=\"column-2\">64,0<\/td><td class=\"column-3\">47,50<\/td><td class=\"column-4\">TRI642Hxxx475<\/td>\n<\/tr>\n<tr class=\"row-9\">\n\t<td class=\"column-1\">2 1\/2\"<\/td><td class=\"column-2\">77,5<\/td><td class=\"column-3\">60,20<\/td><td class=\"column-4\">TRI772xxx602<\/td>\n<\/tr>\n<tr class=\"row-10\">\n\t<td class=\"column-1\">3\"<\/td><td class=\"column-2\">91,0<\/td><td class=\"column-3\">72,90<\/td><td class=\"column-4\">TRI912xxx729<\/td>\n<\/tr>\n<tr class=\"row-11\">\n\t<td class=\"column-1\">4\"<\/td><td class=\"column-2\">119,0<\/td><td class=\"column-3\">97,38<\/td><td class=\"column-4\">TRI1192xxx974<\/td>\n<\/tr>\n<tr class=\"row-12\">\n\t<td class=\"column-1\">6\"<\/td><td class=\"column-2\">167,0<\/td><td class=\"column-3\">146,86<\/td><td class=\"column-4\">TRI1672xxx147<\/td>\n<\/tr>\n<\/tbody>\n<\/table>\n\n<p>&nbsp;<\/p>\n","protected":false},"excerpt":{"rendered":"<p>Unten k\u00f6nnen Sie ein \u00dcbersicht von den oft verwendeten Standard DIN 32676 zur\u00fcckfinden. Unsere Artikelnummer ist logisch aufgebaut: Beispiel &#8222;TRI252Hxxx094&#8220; nach DIN 32676 Reihe C (ASME BPE): &#8222;TRI&#8220; f\u00fcr Triclamp. &#8222;25&#8220; ist der Flanschdurchmesser. &#8222;2&#8220; ist unser Artikelcode f\u00fcr das Material, in diesem Fall 316L. &#8222;H&#8220; f\u00fcr hydraulischen Stutz. Wir verwenden auch Industrie-St\u00fctze, diese Artikel [&hellip;]<\/p>\n","protected":false},"author":2,"featured_media":4647,"parent":363,"menu_order":6,"comment_status":"closed","ping_status":"closed","template":"template_technical_sub.php","meta":{"_acf_changed":false,"footnotes":""},"class_list":["post-4650","page","type-page","status-publish","has-post-thumbnail","hentry"],"acf":[],"yoast_head":"<!-- This site is optimized with the Yoast SEO plugin v27.4 - https:\/\/yoast.com\/product\/yoast-seo-wordpress\/ -->\n<title>Triclamps - Xtraflex<\/title>\n<meta name=\"robots\" content=\"index, follow, max-snippet:-1, max-image-preview:large, max-video-preview:-1\" \/>\n<link rel=\"canonical\" href=\"https:\/\/xtraflex.com\/de\/customer-information\/triclamp\/\" \/>\n<meta property=\"og:locale\" content=\"de_DE\" \/>\n<meta property=\"og:type\" content=\"article\" \/>\n<meta property=\"og:title\" content=\"Triclamps - Xtraflex\" \/>\n<meta property=\"og:description\" content=\"Unten k\u00f6nnen Sie ein \u00dcbersicht von den oft verwendeten Standard DIN 32676 zur\u00fcckfinden. Unsere Artikelnummer ist logisch aufgebaut: Beispiel &#8222;TRI252Hxxx094&#8220; nach DIN 32676 Reihe C (ASME BPE): &#8222;TRI&#8220; f\u00fcr Triclamp. &#8222;25&#8220; ist der Flanschdurchmesser. &#8222;2&#8220; ist unser Artikelcode f\u00fcr das Material, in diesem Fall 316L. &#8222;H&#8220; f\u00fcr hydraulischen Stutz. Wir verwenden auch Industrie-St\u00fctze, diese Artikel [&hellip;]\" \/>\n<meta property=\"og:url\" content=\"https:\/\/xtraflex.com\/de\/customer-information\/triclamp\/\" \/>\n<meta property=\"og:site_name\" content=\"Xtraflex\" \/>\n<meta property=\"article:modified_time\" content=\"2019-11-28T08:46:54+00:00\" \/>\n<meta property=\"og:image\" content=\"https:\/\/xtraflex.com\/wp-content\/uploads\/2019\/11\/IMG_3610_staal-vuilbak.png\" \/>\n\t<meta property=\"og:image:width\" content=\"2302\" \/>\n\t<meta property=\"og:image:height\" content=\"838\" \/>\n\t<meta property=\"og:image:type\" content=\"image\/png\" \/>\n<meta name=\"twitter:card\" content=\"summary_large_image\" \/>\n<meta name=\"twitter:label1\" content=\"Gesch\u00e4tzte Lesezeit\" \/>\n\t<meta name=\"twitter:data1\" content=\"1\u00a0Minute\" \/>\n<script type=\"application\/ld+json\" class=\"yoast-schema-graph\">{\"@context\":\"https:\\\/\\\/schema.org\",\"@graph\":[{\"@type\":\"WebPage\",\"@id\":\"https:\\\/\\\/xtraflex.com\\\/de\\\/customer-information\\\/triclamp\\\/\",\"url\":\"https:\\\/\\\/xtraflex.com\\\/de\\\/customer-information\\\/triclamp\\\/\",\"name\":\"Triclamps - Xtraflex\",\"isPartOf\":{\"@id\":\"https:\\\/\\\/xtraflex.com\\\/de\\\/#website\"},\"primaryImageOfPage\":{\"@id\":\"https:\\\/\\\/xtraflex.com\\\/de\\\/customer-information\\\/triclamp\\\/#primaryimage\"},\"image\":{\"@id\":\"https:\\\/\\\/xtraflex.com\\\/de\\\/customer-information\\\/triclamp\\\/#primaryimage\"},\"thumbnailUrl\":\"https:\\\/\\\/xtraflex.com\\\/wp-content\\\/uploads\\\/2019\\\/11\\\/IMG_3610_staal-vuilbak.png\",\"datePublished\":\"2019-11-26T15:47:42+00:00\",\"dateModified\":\"2019-11-28T08:46:54+00:00\",\"breadcrumb\":{\"@id\":\"https:\\\/\\\/xtraflex.com\\\/de\\\/customer-information\\\/triclamp\\\/#breadcrumb\"},\"inLanguage\":\"de\",\"potentialAction\":[{\"@type\":\"ReadAction\",\"target\":[\"https:\\\/\\\/xtraflex.com\\\/de\\\/customer-information\\\/triclamp\\\/\"]}]},{\"@type\":\"ImageObject\",\"inLanguage\":\"de\",\"@id\":\"https:\\\/\\\/xtraflex.com\\\/de\\\/customer-information\\\/triclamp\\\/#primaryimage\",\"url\":\"https:\\\/\\\/xtraflex.com\\\/wp-content\\\/uploads\\\/2019\\\/11\\\/IMG_3610_staal-vuilbak.png\",\"contentUrl\":\"https:\\\/\\\/xtraflex.com\\\/wp-content\\\/uploads\\\/2019\\\/11\\\/IMG_3610_staal-vuilbak.png\",\"width\":2302,\"height\":838},{\"@type\":\"BreadcrumbList\",\"@id\":\"https:\\\/\\\/xtraflex.com\\\/de\\\/customer-information\\\/triclamp\\\/#breadcrumb\",\"itemListElement\":[{\"@type\":\"ListItem\",\"position\":1,\"name\":\"Home\",\"item\":\"https:\\\/\\\/xtraflex.com\\\/de\\\/\"},{\"@type\":\"ListItem\",\"position\":2,\"name\":\"Kundeninformation\",\"item\":\"https:\\\/\\\/xtraflex.com\\\/de\\\/customer-information\\\/\"},{\"@type\":\"ListItem\",\"position\":3,\"name\":\"Triclamps\"}]},{\"@type\":\"WebSite\",\"@id\":\"https:\\\/\\\/xtraflex.com\\\/de\\\/#website\",\"url\":\"https:\\\/\\\/xtraflex.com\\\/de\\\/\",\"name\":\"Xtraflex\",\"description\":\"En nog een WordPress site\",\"potentialAction\":[{\"@type\":\"SearchAction\",\"target\":{\"@type\":\"EntryPoint\",\"urlTemplate\":\"https:\\\/\\\/xtraflex.com\\\/de\\\/?s={search_term_string}\"},\"query-input\":{\"@type\":\"PropertyValueSpecification\",\"valueRequired\":true,\"valueName\":\"search_term_string\"}}],\"inLanguage\":\"de\"}]}<\/script>\n<!-- \/ Yoast SEO plugin. -->","yoast_head_json":{"title":"Triclamps - Xtraflex","robots":{"index":"index","follow":"follow","max-snippet":"max-snippet:-1","max-image-preview":"max-image-preview:large","max-video-preview":"max-video-preview:-1"},"canonical":"https:\/\/xtraflex.com\/de\/customer-information\/triclamp\/","og_locale":"de_DE","og_type":"article","og_title":"Triclamps - Xtraflex","og_description":"Unten k\u00f6nnen Sie ein \u00dcbersicht von den oft verwendeten Standard DIN 32676 zur\u00fcckfinden. Unsere Artikelnummer ist logisch aufgebaut: Beispiel &#8222;TRI252Hxxx094&#8220; nach DIN 32676 Reihe C (ASME BPE): &#8222;TRI&#8220; f\u00fcr Triclamp. &#8222;25&#8220; ist der Flanschdurchmesser. &#8222;2&#8220; ist unser Artikelcode f\u00fcr das Material, in diesem Fall 316L. &#8222;H&#8220; f\u00fcr hydraulischen Stutz. Wir verwenden auch Industrie-St\u00fctze, diese Artikel [&hellip;]","og_url":"https:\/\/xtraflex.com\/de\/customer-information\/triclamp\/","og_site_name":"Xtraflex","article_modified_time":"2019-11-28T08:46:54+00:00","og_image":[{"width":2302,"height":838,"url":"https:\/\/xtraflex.com\/wp-content\/uploads\/2019\/11\/IMG_3610_staal-vuilbak.png","type":"image\/png"}],"twitter_card":"summary_large_image","twitter_misc":{"Gesch\u00e4tzte Lesezeit":"1\u00a0Minute"},"schema":{"@context":"https:\/\/schema.org","@graph":[{"@type":"WebPage","@id":"https:\/\/xtraflex.com\/de\/customer-information\/triclamp\/","url":"https:\/\/xtraflex.com\/de\/customer-information\/triclamp\/","name":"Triclamps - Xtraflex","isPartOf":{"@id":"https:\/\/xtraflex.com\/de\/#website"},"primaryImageOfPage":{"@id":"https:\/\/xtraflex.com\/de\/customer-information\/triclamp\/#primaryimage"},"image":{"@id":"https:\/\/xtraflex.com\/de\/customer-information\/triclamp\/#primaryimage"},"thumbnailUrl":"https:\/\/xtraflex.com\/wp-content\/uploads\/2019\/11\/IMG_3610_staal-vuilbak.png","datePublished":"2019-11-26T15:47:42+00:00","dateModified":"2019-11-28T08:46:54+00:00","breadcrumb":{"@id":"https:\/\/xtraflex.com\/de\/customer-information\/triclamp\/#breadcrumb"},"inLanguage":"de","potentialAction":[{"@type":"ReadAction","target":["https:\/\/xtraflex.com\/de\/customer-information\/triclamp\/"]}]},{"@type":"ImageObject","inLanguage":"de","@id":"https:\/\/xtraflex.com\/de\/customer-information\/triclamp\/#primaryimage","url":"https:\/\/xtraflex.com\/wp-content\/uploads\/2019\/11\/IMG_3610_staal-vuilbak.png","contentUrl":"https:\/\/xtraflex.com\/wp-content\/uploads\/2019\/11\/IMG_3610_staal-vuilbak.png","width":2302,"height":838},{"@type":"BreadcrumbList","@id":"https:\/\/xtraflex.com\/de\/customer-information\/triclamp\/#breadcrumb","itemListElement":[{"@type":"ListItem","position":1,"name":"Home","item":"https:\/\/xtraflex.com\/de\/"},{"@type":"ListItem","position":2,"name":"Kundeninformation","item":"https:\/\/xtraflex.com\/de\/customer-information\/"},{"@type":"ListItem","position":3,"name":"Triclamps"}]},{"@type":"WebSite","@id":"https:\/\/xtraflex.com\/de\/#website","url":"https:\/\/xtraflex.com\/de\/","name":"Xtraflex","description":"En nog een WordPress site","potentialAction":[{"@type":"SearchAction","target":{"@type":"EntryPoint","urlTemplate":"https:\/\/xtraflex.com\/de\/?s={search_term_string}"},"query-input":{"@type":"PropertyValueSpecification","valueRequired":true,"valueName":"search_term_string"}}],"inLanguage":"de"}]}},"_links":{"self":[{"href":"https:\/\/xtraflex.com\/de\/wp-json\/wp\/v2\/pages\/4650","targetHints":{"allow":["GET"]}}],"collection":[{"href":"https:\/\/xtraflex.com\/de\/wp-json\/wp\/v2\/pages"}],"about":[{"href":"https:\/\/xtraflex.com\/de\/wp-json\/wp\/v2\/types\/page"}],"author":[{"embeddable":true,"href":"https:\/\/xtraflex.com\/de\/wp-json\/wp\/v2\/users\/2"}],"replies":[{"embeddable":true,"href":"https:\/\/xtraflex.com\/de\/wp-json\/wp\/v2\/comments?post=4650"}],"version-history":[{"count":3,"href":"https:\/\/xtraflex.com\/de\/wp-json\/wp\/v2\/pages\/4650\/revisions"}],"predecessor-version":[{"id":4659,"href":"https:\/\/xtraflex.com\/de\/wp-json\/wp\/v2\/pages\/4650\/revisions\/4659"}],"up":[{"embeddable":true,"href":"https:\/\/xtraflex.com\/de\/wp-json\/wp\/v2\/pages\/363"}],"wp:featuredmedia":[{"embeddable":true,"href":"https:\/\/xtraflex.com\/de\/wp-json\/wp\/v2\/media\/4647"}],"wp:attachment":[{"href":"https:\/\/xtraflex.com\/de\/wp-json\/wp\/v2\/media?parent=4650"}],"curies":[{"name":"wp","href":"https:\/\/api.w.org\/{rel}","templated":true}]}}