{"id":4182,"date":"2018-03-08T14:03:58","date_gmt":"2018-03-08T13:03:58","guid":{"rendered":"http:\/\/xtraflex.com\/customer-information\/downloads\/"},"modified":"2023-09-26T12:01:45","modified_gmt":"2023-09-26T10:01:45","slug":"downloads","status":"publish","type":"page","link":"https:\/\/xtraflex.com\/fr\/customer-information\/downloads\/","title":{"rendered":"Downloads"},"content":{"rendered":"<p><a href=\"http:\/\/xtraflex.com\/wp-content\/uploads\/2018\/03\/Temp_VS_WP_merged.pdf\" target=\"_blank\" rel=\"noopener\">Temp\u00e9rature VS pression de service<\/a><\/p>\n<p><a href=\"http:\/\/xtraflex.com\/wp-content\/uploads\/2018\/03\/FR-Conditions-g\u00e9n\u00e9rales-de-vente.pdf\">FR &#8211; Conditions g\u00e9n\u00e9rales de vente<\/a><\/p>\n","protected":false},"excerpt":{"rendered":"<p>Temp\u00e9rature VS pression de service FR &#8211; Conditions g\u00e9n\u00e9rales de vente<\/p>\n","protected":false},"author":1,"featured_media":4301,"parent":362,"menu_order":50,"comment_status":"closed","ping_status":"closed","template":"template_technical_sub.php","meta":{"_acf_changed":false,"footnotes":""},"class_list":["post-4182","page","type-page","status-publish","has-post-thumbnail","hentry"],"acf":[],"yoast_head":"<!-- This site is optimized with the Yoast SEO plugin v27.4 - https:\/\/yoast.com\/product\/yoast-seo-wordpress\/ -->\n<title>Downloads - Xtraflex<\/title>\n<meta name=\"robots\" content=\"index, follow, max-snippet:-1, max-image-preview:large, max-video-preview:-1\" \/>\n<link rel=\"canonical\" href=\"https:\/\/xtraflex.com\/fr\/customer-information\/downloads\/\" \/>\n<meta property=\"og:locale\" content=\"fr_FR\" \/>\n<meta property=\"og:type\" content=\"article\" \/>\n<meta property=\"og:title\" content=\"Downloads - Xtraflex\" \/>\n<meta property=\"og:description\" content=\"Temp\u00e9rature VS pression de service FR &#8211; Conditions g\u00e9n\u00e9rales de vente\" \/>\n<meta property=\"og:url\" content=\"https:\/\/xtraflex.com\/fr\/customer-information\/downloads\/\" \/>\n<meta property=\"og:site_name\" content=\"Xtraflex\" \/>\n<meta property=\"article:modified_time\" content=\"2023-09-26T10:01:45+00:00\" \/>\n<meta property=\"og:image\" content=\"http:\/\/xtraflex.com\/wp-content\/uploads\/2016\/12\/XTRAFLEX-2018-\u00a9-Jente-Willems-WEB-4476-1024x683.jpg\" \/>\n\t<meta property=\"og:image:width\" content=\"1024\" \/>\n\t<meta property=\"og:image:height\" content=\"683\" \/>\n\t<meta property=\"og:image:type\" content=\"image\/jpeg\" \/>\n<meta name=\"twitter:card\" content=\"summary_large_image\" \/>\n<meta name=\"twitter:label1\" content=\"Dur\u00e9e de lecture estim\u00e9e\" \/>\n\t<meta name=\"twitter:data1\" content=\"1 minute\" \/>\n<script type=\"application\/ld+json\" class=\"yoast-schema-graph\">{\"@context\":\"https:\\\/\\\/schema.org\",\"@graph\":[{\"@type\":\"WebPage\",\"@id\":\"https:\\\/\\\/xtraflex.com\\\/fr\\\/customer-information\\\/downloads\\\/\",\"url\":\"https:\\\/\\\/xtraflex.com\\\/fr\\\/customer-information\\\/downloads\\\/\",\"name\":\"Downloads - Xtraflex\",\"isPartOf\":{\"@id\":\"https:\\\/\\\/xtraflex.com\\\/fr\\\/#website\"},\"primaryImageOfPage\":{\"@id\":\"https:\\\/\\\/xtraflex.com\\\/fr\\\/customer-information\\\/downloads\\\/#primaryimage\"},\"image\":{\"@id\":\"https:\\\/\\\/xtraflex.com\\\/fr\\\/customer-information\\\/downloads\\\/#primaryimage\"},\"thumbnailUrl\":\"https:\\\/\\\/xtraflex.com\\\/wp-content\\\/uploads\\\/2016\\\/12\\\/XTRAFLEX-2018-\u00a9-Jente-Willems-WEB-4476.jpg\",\"datePublished\":\"2018-03-08T13:03:58+00:00\",\"dateModified\":\"2023-09-26T10:01:45+00:00\",\"breadcrumb\":{\"@id\":\"https:\\\/\\\/xtraflex.com\\\/fr\\\/customer-information\\\/downloads\\\/#breadcrumb\"},\"inLanguage\":\"fr-FR\",\"potentialAction\":[{\"@type\":\"ReadAction\",\"target\":[\"https:\\\/\\\/xtraflex.com\\\/fr\\\/customer-information\\\/downloads\\\/\"]}]},{\"@type\":\"ImageObject\",\"inLanguage\":\"fr-FR\",\"@id\":\"https:\\\/\\\/xtraflex.com\\\/fr\\\/customer-information\\\/downloads\\\/#primaryimage\",\"url\":\"https:\\\/\\\/xtraflex.com\\\/wp-content\\\/uploads\\\/2016\\\/12\\\/XTRAFLEX-2018-\u00a9-Jente-Willems-WEB-4476.jpg\",\"contentUrl\":\"https:\\\/\\\/xtraflex.com\\\/wp-content\\\/uploads\\\/2016\\\/12\\\/XTRAFLEX-2018-\u00a9-Jente-Willems-WEB-4476.jpg\",\"width\":3240,\"height\":2160},{\"@type\":\"BreadcrumbList\",\"@id\":\"https:\\\/\\\/xtraflex.com\\\/fr\\\/customer-information\\\/downloads\\\/#breadcrumb\",\"itemListElement\":[{\"@type\":\"ListItem\",\"position\":1,\"name\":\"Home\",\"item\":\"https:\\\/\\\/xtraflex.com\\\/fr\\\/\"},{\"@type\":\"ListItem\",\"position\":2,\"name\":\"Informations client\",\"item\":\"https:\\\/\\\/xtraflex.com\\\/fr\\\/customer-information\\\/\"},{\"@type\":\"ListItem\",\"position\":3,\"name\":\"Downloads\"}]},{\"@type\":\"WebSite\",\"@id\":\"https:\\\/\\\/xtraflex.com\\\/fr\\\/#website\",\"url\":\"https:\\\/\\\/xtraflex.com\\\/fr\\\/\",\"name\":\"Xtraflex\",\"description\":\"En nog een WordPress site\",\"potentialAction\":[{\"@type\":\"SearchAction\",\"target\":{\"@type\":\"EntryPoint\",\"urlTemplate\":\"https:\\\/\\\/xtraflex.com\\\/fr\\\/?s={search_term_string}\"},\"query-input\":{\"@type\":\"PropertyValueSpecification\",\"valueRequired\":true,\"valueName\":\"search_term_string\"}}],\"inLanguage\":\"fr-FR\"}]}<\/script>\n<!-- \/ Yoast SEO plugin. -->","yoast_head_json":{"title":"Downloads - Xtraflex","robots":{"index":"index","follow":"follow","max-snippet":"max-snippet:-1","max-image-preview":"max-image-preview:large","max-video-preview":"max-video-preview:-1"},"canonical":"https:\/\/xtraflex.com\/fr\/customer-information\/downloads\/","og_locale":"fr_FR","og_type":"article","og_title":"Downloads - Xtraflex","og_description":"Temp\u00e9rature VS pression de service FR &#8211; Conditions g\u00e9n\u00e9rales de vente","og_url":"https:\/\/xtraflex.com\/fr\/customer-information\/downloads\/","og_site_name":"Xtraflex","article_modified_time":"2023-09-26T10:01:45+00:00","og_image":[{"width":1024,"height":683,"url":"http:\/\/xtraflex.com\/wp-content\/uploads\/2016\/12\/XTRAFLEX-2018-\u00a9-Jente-Willems-WEB-4476-1024x683.jpg","type":"image\/jpeg"}],"twitter_card":"summary_large_image","twitter_misc":{"Dur\u00e9e de lecture estim\u00e9e":"1 minute"},"schema":{"@context":"https:\/\/schema.org","@graph":[{"@type":"WebPage","@id":"https:\/\/xtraflex.com\/fr\/customer-information\/downloads\/","url":"https:\/\/xtraflex.com\/fr\/customer-information\/downloads\/","name":"Downloads - Xtraflex","isPartOf":{"@id":"https:\/\/xtraflex.com\/fr\/#website"},"primaryImageOfPage":{"@id":"https:\/\/xtraflex.com\/fr\/customer-information\/downloads\/#primaryimage"},"image":{"@id":"https:\/\/xtraflex.com\/fr\/customer-information\/downloads\/#primaryimage"},"thumbnailUrl":"https:\/\/xtraflex.com\/wp-content\/uploads\/2016\/12\/XTRAFLEX-2018-\u00a9-Jente-Willems-WEB-4476.jpg","datePublished":"2018-03-08T13:03:58+00:00","dateModified":"2023-09-26T10:01:45+00:00","breadcrumb":{"@id":"https:\/\/xtraflex.com\/fr\/customer-information\/downloads\/#breadcrumb"},"inLanguage":"fr-FR","potentialAction":[{"@type":"ReadAction","target":["https:\/\/xtraflex.com\/fr\/customer-information\/downloads\/"]}]},{"@type":"ImageObject","inLanguage":"fr-FR","@id":"https:\/\/xtraflex.com\/fr\/customer-information\/downloads\/#primaryimage","url":"https:\/\/xtraflex.com\/wp-content\/uploads\/2016\/12\/XTRAFLEX-2018-\u00a9-Jente-Willems-WEB-4476.jpg","contentUrl":"https:\/\/xtraflex.com\/wp-content\/uploads\/2016\/12\/XTRAFLEX-2018-\u00a9-Jente-Willems-WEB-4476.jpg","width":3240,"height":2160},{"@type":"BreadcrumbList","@id":"https:\/\/xtraflex.com\/fr\/customer-information\/downloads\/#breadcrumb","itemListElement":[{"@type":"ListItem","position":1,"name":"Home","item":"https:\/\/xtraflex.com\/fr\/"},{"@type":"ListItem","position":2,"name":"Informations client","item":"https:\/\/xtraflex.com\/fr\/customer-information\/"},{"@type":"ListItem","position":3,"name":"Downloads"}]},{"@type":"WebSite","@id":"https:\/\/xtraflex.com\/fr\/#website","url":"https:\/\/xtraflex.com\/fr\/","name":"Xtraflex","description":"En nog een WordPress site","potentialAction":[{"@type":"SearchAction","target":{"@type":"EntryPoint","urlTemplate":"https:\/\/xtraflex.com\/fr\/?s={search_term_string}"},"query-input":{"@type":"PropertyValueSpecification","valueRequired":true,"valueName":"search_term_string"}}],"inLanguage":"fr-FR"}]}},"_links":{"self":[{"href":"https:\/\/xtraflex.com\/fr\/wp-json\/wp\/v2\/pages\/4182","targetHints":{"allow":["GET"]}}],"collection":[{"href":"https:\/\/xtraflex.com\/fr\/wp-json\/wp\/v2\/pages"}],"about":[{"href":"https:\/\/xtraflex.com\/fr\/wp-json\/wp\/v2\/types\/page"}],"author":[{"embeddable":true,"href":"https:\/\/xtraflex.com\/fr\/wp-json\/wp\/v2\/users\/1"}],"replies":[{"embeddable":true,"href":"https:\/\/xtraflex.com\/fr\/wp-json\/wp\/v2\/comments?post=4182"}],"version-history":[{"count":5,"href":"https:\/\/xtraflex.com\/fr\/wp-json\/wp\/v2\/pages\/4182\/revisions"}],"predecessor-version":[{"id":4958,"href":"https:\/\/xtraflex.com\/fr\/wp-json\/wp\/v2\/pages\/4182\/revisions\/4958"}],"up":[{"embeddable":true,"href":"https:\/\/xtraflex.com\/fr\/wp-json\/wp\/v2\/pages\/362"}],"wp:featuredmedia":[{"embeddable":true,"href":"https:\/\/xtraflex.com\/fr\/wp-json\/wp\/v2\/media\/4301"}],"wp:attachment":[{"href":"https:\/\/xtraflex.com\/fr\/wp-json\/wp\/v2\/media?parent=4182"}],"curies":[{"name":"wp","href":"https:\/\/api.w.org\/{rel}","templated":true}]}}