{"id":4341,"date":"2018-05-16T12:23:05","date_gmt":"2018-05-16T10:23:05","guid":{"rendered":"http:\/\/xtraflex.com\/privacy-policy\/"},"modified":"2018-05-22T16:47:57","modified_gmt":"2018-05-22T14:47:57","slug":"privacy-cookie-policy","status":"publish","type":"page","link":"https:\/\/xtraflex.com\/fr\/privacy-cookie-policy\/","title":{"rendered":"Privacy &#038; Cookie policy"},"content":{"rendered":"<ol>\n<li><strong> R\u00e8gles G\u00e9n\u00e9rales\u00a0<\/strong><br \/>\nXtraflex, dont le si\u00e8ge social est \u00e9tabli \u00e0 Joseph Van Instraat 7, 2500 Lier, Belgique, inscrite \u00e0 la BCE sous le num\u00e9ro 0464.871.411 est responsable de traitement de vos donn\u00e9es personnelles sur le site www.xtraflex.com.<\/li>\n<li><strong> Donn\u00e9es personnelles collect\u00e9es<\/strong>\n<ol>\n<li><em>Les donn\u00e9es que vous nous communiquez<\/em><br \/>\nDans l\u2019application:<\/p>\n<ul>\n<li>Pr\u00e9nom<\/li>\n<li>Nom<\/li>\n<li>Num\u00e9ro de t\u00e9l\u00e8phone<\/li>\n<li>Adresse e-mail<\/li>\n<\/ul>\n<\/li>\n<li><em>Les donn\u00e9es qui sont automatiquement collect\u00e9es\u00a0<\/em><br \/>\nNous pouvons placer des cookies sur votre ordinateur, tablette ou smartphone. Ces cookies nous aident \u00e0 nous souvenir de vos pr\u00e9f\u00e9rences lors de l\u2019utilisation de notre site internet.<br \/>\nPour de plus amples informations \u00e0 ce sujet, nous nous r\u00e9f\u00e9rons \u00e0 notre cookie policy (voir ci-dessous).<br \/>\nCertaines donn\u00e9es peuvent \u00eatre collect\u00e9es sans \u00eatre stock\u00e9es par voie de cookies. Ces donn\u00e9es sont accessibles uniquement \u00e0 adresse email Il s\u2019ag\u00eet de: 1) l&rsquo;adresse TCP \/ IP 2 \u00b0) le type et la version de votre syst\u00e8me de navigation 3 \u00b0) la derni\u00e8re page Internet visit\u00e9e.<\/li>\n<\/ol>\n<\/li>\n<\/ol>\n<ol start=\"3\">\n<li><strong> Fins d\u2019utilisation des donn\u00e9es<\/strong>\n<ol>\n<li><em>Objectifs g\u00e9n\u00e9raux\u00a0<\/em><br \/>\nNous rassemblons vos donn\u00e9es personnelles en vue de :<\/p>\n<ol>\n<li>Ex\u00e9cuter votre commande et g\u00e9rer nos fichiers client\u00e8le<\/li>\n<li>Collecter des statistiques anonymes sur les visiteurs<\/li>\n<li>Marketing direct<\/li>\n<li>Administrer l\u2019aspect technique du site internet;<\/li>\n<li>Apr\u00e8s s\u2019\u00eatre assur\u00e9 du caract\u00e8re anonyme des donn\u00e9es, \u00e9tablir des statistiques ou mener des enqu\u00eates concernant la quantit\u00e9 de visites sur les diff\u00e9rentes parties du site internet.<\/li>\n<\/ol>\n<\/li>\n<li><em>Marketing direct et communication aux tiers\u00a0<\/em><br \/>\nVos donn\u00e9es personnelles restent strictement confidentielles et ne peuvent en aucun cas \u00eatre communiqu\u00e9es \u00e0 des tiers ou utilis\u00e9es \u00e0 des fins de marketing direct autres que pour Xtraflex (\u00e0 moins pour nous d\u2019avoir re\u00e7u express\u00e9ment et au pr\u00e9alable votre autorisation (\u201copt-in\u201d) lors de votre inscription.).<\/li>\n<\/ol>\n<\/li>\n<\/ol>\n<ol start=\"4\">\n<li><strong> Dur\u00e9e de conservation des donn\u00e9es\u00a0\u00a0<\/strong><br \/>\nToutes les donn\u00e9es personnelles sont conserv\u00e9es pour toute la p\u00e9riode n\u00e9cessaire pour atteindre les objectifs d\u00e9crits ci-dessus.<\/li>\n<\/ol>\n<ol start=\"5\">\n<li><strong> Droit d\u2019acc\u00e8s et rectification des donn\u00e9es\u00a0\u00a0<\/strong><br \/>\nVous avez le droit de consulter gratuitement vos donn\u00e9es personnelles \u00e0 tout moment, de rectifier ou modifier celles-ci, en nous envoyant un mail \u00e0\u00a0sales@xtraflex.com ou une lettre \u00e0 l\u2019adresse dans article 1 de ces R\u00e8gles de Protection de la Vie Priv\u00e9e.<br \/>\nVous \u00eates enti\u00e8rement libre de ne pas communiquer vos donn\u00e9es personnelles \u00e0 nous. Vous devez cependant savoir que certains services pourront vous \u00eatre refus\u00e9s si vous ne le faites pas. Nous attirons \u00e9galement votre attention sur le fait que vous \u00eates alors tenu pour seul responsable de l\u2019exactitude des donn\u00e9es que vous nous transmettez.<\/li>\n<\/ol>\n<ol start=\"6\">\n<li><strong> Droit de contestation\u00a0\u00a0<\/strong><br \/>\nVous pouvez exercer votre droit de contestation dans le cadre du traitement de vos donn\u00e9es personnelles, si vous estimez qu\u2019il existe de s\u00e9rieuses et l\u00e9gitimes raisons, en nous adressant un mail \u00e0 sales@xtraflex.com. N\u00e9anmoins, vous ne pouvez pas vous opposer au traitement de vos donn\u00e9es personnelles s\u2019il est n\u00e9cessaire pour le suivi et le traitement de votre commande.<\/li>\n<\/ol>\n<ol start=\"7\">\n<li><strong> S\u00e9curit\u00e9 et confidentialit\u00e9\u00a0\u00a0<\/strong><br \/>\nNous avons d\u00e9velopp\u00e9 des r\u00e8gles de s\u00e9curit\u00e9 adapt\u00e9es sur le plan technique et organisationnel afin d\u2019\u00e9viter la destruction, la perte, la falsification, la modification, l\u2019acc\u00e8s interdit, la communication par erreur \u00e0 des tiers ainsi que tout autre traitement non autoris\u00e9 des donn\u00e9es personnelles collect\u00e9es.<br \/>\nNous ne pouvons en aucun cas \u00eatre tenu responsable pour tout dommage direct ou indirect r\u00e9sultant d\u2019une manipulation fautive ou ill\u00e9gitime commises par des tiers sur les donn\u00e9es personnelles.<br \/>\nNous tenons \u00e0 vous signaler que les liens vers le site internet peuvent contenir des liens hypertextes et autres r\u00e9f\u00e9rences vers d\u2019autres sites que nous ne g\u00e9rons, ni ne contr\u00f4lons pas et auxquels ces R\u00e8gles de Protection de la Vie Priv\u00e9e ne sont pas d\u2019application. Nous ne sommes pas responsables du contenu de ces sites internet ni des offres, produits et services propos\u00e9s par ceux-ci. Nous vous recommandons donc de lire attentivement les r\u00e8gles de protection de la vie priv\u00e9e de chaque site que vous visitez, ces r\u00e8gles pouvant diff\u00e9rer des pr\u00e9sentes R\u00e8gles de Protection de la Vie Priv\u00e9e.<\/li>\n<\/ol>\n<ol start=\"8\">\n<li><strong> Cookies<\/strong>\n<ol>\n<li><em>Notre utilisation de cookies\u00a0<\/em><br \/>\nNotre site Internet utilise des cookies et des technologies similaires pour distinguer vos pr\u00e9f\u00e9rences d\u2019utilisation de celle des autres utilisateurs de notre site Internet. Cela nous aide \u00e0 vous offrir une meilleure exp\u00e9rience lors de votre visite sur notre site Internet et nous permet d\u2019optimaliser ce dernier.<br \/>\nLes cookies et technologies similaires ne nous permettent toutefois pas de collecter syst\u00e9matiquement\u00a0 des donn\u00e9es qui pourraient vous identifier. Ils nous aident uniquement \u00e0 am\u00e9liorer le fonctionnement de notre site Internet, \u00e0 comprendre quels sont vos int\u00e9r\u00eats et \u00e0 \u00e9valuer la pertinence du contenu de notre site Internet.<br \/>\nEn raison de changements r\u00e9cents dans la l\u00e9gislation, tous les sites Internet qui op\u00e8rent dans certaines parties de l&rsquo;Union europ\u00e9enne sont tenus d&rsquo;obtenir votre consentement pour utiliser ou de stocker des cookies et autres technologies similaires sur vos ordinateurs ou p\u00e9riph\u00e9riques mobiles. La pr\u00e9sente cookie policy a pour but de vous donner une information aussi claire et compl\u00e8te que possible sur les cookies que nous utilisons et leur finalit\u00e9. Nous vous invitons \u00e9galement \u00e0 lire notre Privacy Policy (voir ci-dessus) pour prendre connaissance des r\u00e8gles qui s\u2019appliquent sur notre site Internet en mati\u00e8re de vie priv\u00e9e.<br \/>\nPour plus d\u2019informations sur la politique que nous menons en mati\u00e8re de cookies, n\u2019h\u00e9sitez pas \u00e0 nous contacter via\u00a0sales@xtraflex.com.<\/li>\n<li><em>Qu\u2019est-ce qu\u2019un cookie?<\/em><br \/>\nUn \u201ccookie\u201d est un petit fichier compos\u00e9 de lettres et de chiffres stock\u00e9 dans votre navigateur ou sur le disque dur de votre ordinateur. Ainsi nous pouvons nous rappeler de vos pr\u00e9f\u00e9rences lors de l&rsquo;utilisation de notre site Internet.<br \/>\nSauf si vous avez choisi de ne pas accepter des cookies dans les param\u00e8tres de votre navigateur, notre syst\u00e8me placera des cookies automatiquement lors de votre visite \u00e0 notre site.<\/li>\n<li><em>Types de cookies\u00a0<\/em><br \/>\nLes cookies peuvent \u00eatre subdivis\u00e9s en cat\u00e9gories selon leur origine, leur fonction et leur dur\u00e9e de vie.<br \/>\n<strong>First party cookies\u00a0:<\/strong>\u00a0sont plac\u00e9s par le nom de domaine du site que vous visitez<br \/>\n<strong>Third-party cookies\u00a0:<\/strong>\u00a0sont plac\u00e9s par un autre nom de domaine que celui du site Internet que vous visitez. Si vous visitez un site Internet et qu\u2019un tiers place un cookie sur\u00a0 votre ordinateur via ce site Internet, alors c\u2019est un third-party cookie (p. ex. cookies plac\u00e9s par Google, Twitter et Facebook).<br \/>\n<strong>Cookies fonctionnels\u00a0<\/strong>: veillent au fonctionnement correct du site internet (ex\u00a0: cookies de login, d\u2019enregistrement, pr\u00e9f\u00e9rences de langage). Les cookies fonctionnels sont des first party cookies.<br \/>\n<strong>Cookies non-fonctionnels\u00a0<\/strong>:<strong>\u00a0<\/strong>sont<strong>\u00a0<\/strong>plac\u00e9s sur le site internet \u00e0 des fins statistiques, sociales, de targeting ou commerciales. Les cookies plac\u00e9s \u00e0 des fins\u00a0<em>statistiques<\/em>\u00a0permettent de v\u00e9rifier quelles pages du site internet sont visit\u00e9es, de localiser l\u2019ordinateur, etc. Les cookies plac\u00e9s \u00e0 des fins\u00a0<em>sociales<\/em>\u00a0permettent aux utilisateurs de partager le contenu du site internet visit\u00e9 sur les r\u00e9seaux sociaux. Les cookies poursuivant un but de\u00a0<em>targeting<\/em>\u00a0permettent de dresser le profil des utilisateurs sur base de leur comportement de navigation, de mani\u00e8re \u00e0 leur montrer des publicit\u00e9s adapt\u00e9es \u00e0 leurs centres d\u2019int\u00e9r\u00eat. Les cookies poursuivant des objectifs\u00a0<em>commerciaux<\/em>enregistrent \u00e0 quelle fr\u00e9quence et quelles publicit\u00e9s sont montr\u00e9es \u00e0 un utilisateur. Les cookies non-fonctionnels peuvent \u00eatre des first party ou third party cookies.<br \/>\n<strong>Cookies permanents<\/strong>: restent pr\u00e9sents sur votre disque dur pour une longue dur\u00e9e d\u00e9termin\u00e9e par le cookie ou jusqu\u2019\u00e0 ce que vous les effaciez. Ils sont activ\u00e9s \u00e0 chaque fois que vous visitez le site Internet qui a plac\u00e9 ce cookie (ex\u00a0: cookies plac\u00e9s par Twitter ou Facebook). Les cookies permanents sont g\u00e9n\u00e9ralement non-fonctionnels.<br \/>\n<strong>Cookies de session<\/strong>: permettent de simplifier les manipulations de l\u2019utilisateur et de les relier l\u2019une \u00e0 l\u2019autre pendant une session de navigation. Une session de navigation commence quand l\u2019utilisateur ouvre l\u2019\u00e9cran du navigateur et se termine quand il ferme l\u2019\u00e9cran de ce navigateur. Les cookies de session sont temporaires. D\u00e8s que vous fermez votre navigateur,\u00a0 tous les cookies de session sont supprim\u00e9s. Les cookies de session sont g\u00e9n\u00e9ralement fonctionnels.<\/li>\n<li><em>Votre consentement\u00a0<\/em><br \/>\nEn visitant notre site, vous acceptez l\u2019utilisation de cookies. L\u2019acceptation de certains cookies est indispensable pour une visite optimale \u00e0 notre site.<br \/>\nVous pouvez bloquer les cookies en activant le param\u00e8tre du navigateur qui permet le stockage de cookies. Toutefois, si vous utilisez les param\u00e8tres de votre navigateur pour bloquer ces cookies, vous ne pourrez probablement pas acc\u00e9der \u00e0 (certaines parties de) notre Site internet. Lisez cette Cookie Policy attentivement pour plus d\u2019informations.<br \/>\nSi vous souhaitez modifier votre consentement \u00e0 n\u2019importe quel moment, vous devez supprimer les cookies en utilisant les param\u00e8tres de votre navigateur. Pour plus d\u2019informations sur la suppression ou le blocage des cookies, rendez-vous sur le site internet\u00a0<a href=\"http:\/\/www.aboutcookies.org\/Default.aspx?page=2\"><strong>http:\/\/www.aboutcookies.org\/Default.aspx?page=2<\/strong><\/a>.<\/li>\n<li><em>Modifier les param\u00e8tres de votre navigateur\u00a0<\/em><br \/>\nNous attirons votre attention sur le fait que les param\u00e8tres de votre navigateur vous permettent \u00e9galement de modifier les param\u00e8tres d\u2019acceptation des cookies. Ces param\u00e8tres sont g\u00e9n\u00e9ralement accessibles via le menu \u00ab option \u00bb ou \u00ab pr\u00e9f\u00e9rences \u00bb de votre navigateur. Pour mieux comprendre ces param\u00e8tres, nous vous invitons \u00e0 consulter les liens suivants ou vous r\u00e9f\u00e9rer \u00e0 l\u2019onglet \u00ab aide \u00bb de votre navigateur\u00a0:<\/p>\n<ul>\n<li><a href=\"https:\/\/support.microsoft.com\/nl-nl\/help\/17442\/windows-internet-explorer-delete-manage-cookies\"><strong>Cookie dans Internet Explorer<\/strong><\/a><\/li>\n<li><a href=\"https:\/\/support.mozilla.org\/nl\/kb\/cookies-informatie-websites-computer-opgeslagen?redirectlocale=nl&amp;redirectslug=cookies-informatie-websites-op-uw-computer-opslaan\"><strong>Cookie dans Firefox<\/strong><\/a><\/li>\n<li><a href=\"https:\/\/support.google.com\/chrome\/answer\/95647?hl=nl&amp;hlrm=en\"><strong>Cookie dans Chrome<\/strong><\/a><\/li>\n<li><a href=\"https:\/\/support.apple.com\/nl-nl\/HT201265\"><strong>Cookies dans Safari<\/strong><\/a><\/li>\n<\/ul>\n<\/li>\n<li><em>Plus d\u2019informations sur les cookies\u00a0<\/em><br \/>\nLe site Internet\u00a0<a href=\"http:\/\/www.allaboutcookies.org\/\"><strong>http:\/\/www.allaboutcookies.org\/<\/strong><\/a>\u00a0vous fournit plus de d\u00e9tails sur le fonctionnement des cookies.<br \/>\nL\u2019Internet Advertising Bureau (IAB) regroupant les digital marketeers a publi\u00e9 diverses informations utiles et des conseils sur la publicit\u00e9 comportementale et la vie priv\u00e9e sur\u00a0<a href=\"http:\/\/www.youronlinechoices.eu\/\"><strong>http:\/\/www.youronlinechoices.eu\/<\/strong><\/a>.<strong>\u00a0<\/strong><\/li>\n<\/ol>\n<\/li>\n<\/ol>\n<ol start=\"9\">\n<li><strong> Droit applicable et Juridiction comp\u00e9tente\u00a0<\/strong><br \/>\nCes R\u00e8gles de Protection de la Vie Priv\u00e9e sont r\u00e9gies, interpr\u00e9t\u00e9es et ex\u00e9cut\u00e9es conform\u00e9ment au droit belge, seul droit applicable en cas de litige.<br \/>\nLes Tribunaux de l\u2019arrondissement Anvers sont exclusivement comp\u00e9tents pour tout litige qui pourrait na\u00eetre de l\u2019interpr\u00e9tation ou de l\u2019ex\u00e9cution des pr\u00e9sentes R\u00e8gles de Protection de la Vie Priv\u00e9e.<strong>\u00a0<\/strong><\/li>\n<\/ol>\n<ol start=\"10\">\n<li><strong> Acceptation\u00a0<\/strong><br \/>\nEn utilisant le Site internet, vous marquez votre accord sur l\u2019ensemble des clauses des pr\u00e9sentes R\u00e8gles de Protection de la Vie Priv\u00e9e et vous acceptez que Xtraflex receuille vos donn\u00e9es personnelles afin de les\u00a0 traiter conform\u00e9ment aux pr\u00e9sentes R\u00e8gles de Protection de la Vie Priv\u00e9e.<\/li>\n<\/ol>\n","protected":false},"excerpt":{"rendered":"<p>R\u00e8gles G\u00e9n\u00e9rales\u00a0 Xtraflex, dont le si\u00e8ge social est \u00e9tabli \u00e0 Joseph Van Instraat 7, 2500 Lier, Belgique, inscrite \u00e0 la BCE sous le num\u00e9ro 0464.871.411 est responsable de traitement de vos donn\u00e9es personnelles sur le site www.xtraflex.com. Donn\u00e9es personnelles collect\u00e9es Les donn\u00e9es que vous nous communiquez Dans l\u2019application: Pr\u00e9nom Nom Num\u00e9ro de t\u00e9l\u00e8phone Adresse e-mail [&hellip;]<\/p>\n","protected":false},"author":1,"featured_media":4309,"parent":0,"menu_order":11,"comment_status":"closed","ping_status":"closed","template":"template_text.php","meta":{"_acf_changed":false,"footnotes":""},"class_list":["post-4341","page","type-page","status-publish","has-post-thumbnail","hentry"],"acf":[],"yoast_head":"<!-- This site is optimized with the Yoast SEO plugin v27.4 - https:\/\/yoast.com\/product\/yoast-seo-wordpress\/ -->\n<title>Privacy &amp; Cookie policy - Xtraflex<\/title>\n<meta name=\"robots\" content=\"index, follow, max-snippet:-1, max-image-preview:large, max-video-preview:-1\" \/>\n<link rel=\"canonical\" href=\"https:\/\/xtraflex.com\/fr\/privacy-cookie-policy\/\" \/>\n<meta property=\"og:locale\" content=\"fr_FR\" \/>\n<meta property=\"og:type\" content=\"article\" \/>\n<meta property=\"og:title\" content=\"Privacy &amp; Cookie policy - Xtraflex\" \/>\n<meta property=\"og:description\" content=\"R\u00e8gles G\u00e9n\u00e9rales\u00a0 Xtraflex, dont le si\u00e8ge social est \u00e9tabli \u00e0 Joseph Van Instraat 7, 2500 Lier, Belgique, inscrite \u00e0 la BCE sous le num\u00e9ro 0464.871.411 est responsable de traitement de vos donn\u00e9es personnelles sur le site www.xtraflex.com. Donn\u00e9es personnelles collect\u00e9es Les donn\u00e9es que vous nous communiquez Dans l\u2019application: Pr\u00e9nom Nom Num\u00e9ro de t\u00e9l\u00e8phone Adresse e-mail [&hellip;]\" \/>\n<meta property=\"og:url\" content=\"https:\/\/xtraflex.com\/fr\/privacy-cookie-policy\/\" \/>\n<meta property=\"og:site_name\" content=\"Xtraflex\" \/>\n<meta property=\"article:modified_time\" content=\"2018-05-22T14:47:57+00:00\" \/>\n<meta property=\"og:image\" content=\"https:\/\/xtraflex.com\/wp-content\/uploads\/2016\/12\/XTRAFLEX-2018-\u00a9-Jente-Willems-WEB-4348-scaled.jpg\" \/>\n\t<meta property=\"og:image:width\" content=\"2560\" \/>\n\t<meta property=\"og:image:height\" content=\"1704\" \/>\n\t<meta property=\"og:image:type\" content=\"image\/jpeg\" \/>\n<meta name=\"twitter:card\" content=\"summary_large_image\" \/>\n<meta name=\"twitter:label1\" content=\"Dur\u00e9e de lecture estim\u00e9e\" \/>\n\t<meta name=\"twitter:data1\" content=\"9 minutes\" \/>\n<script type=\"application\/ld+json\" class=\"yoast-schema-graph\">{\"@context\":\"https:\\\/\\\/schema.org\",\"@graph\":[{\"@type\":\"WebPage\",\"@id\":\"https:\\\/\\\/xtraflex.com\\\/fr\\\/privacy-cookie-policy\\\/\",\"url\":\"https:\\\/\\\/xtraflex.com\\\/fr\\\/privacy-cookie-policy\\\/\",\"name\":\"Privacy & Cookie policy - Xtraflex\",\"isPartOf\":{\"@id\":\"https:\\\/\\\/xtraflex.com\\\/fr\\\/#website\"},\"primaryImageOfPage\":{\"@id\":\"https:\\\/\\\/xtraflex.com\\\/fr\\\/privacy-cookie-policy\\\/#primaryimage\"},\"image\":{\"@id\":\"https:\\\/\\\/xtraflex.com\\\/fr\\\/privacy-cookie-policy\\\/#primaryimage\"},\"thumbnailUrl\":\"https:\\\/\\\/xtraflex.com\\\/wp-content\\\/uploads\\\/2016\\\/12\\\/XTRAFLEX-2018-\u00a9-Jente-Willems-WEB-4348-scaled.jpg\",\"datePublished\":\"2018-05-16T10:23:05+00:00\",\"dateModified\":\"2018-05-22T14:47:57+00:00\",\"breadcrumb\":{\"@id\":\"https:\\\/\\\/xtraflex.com\\\/fr\\\/privacy-cookie-policy\\\/#breadcrumb\"},\"inLanguage\":\"fr-FR\",\"potentialAction\":[{\"@type\":\"ReadAction\",\"target\":[\"https:\\\/\\\/xtraflex.com\\\/fr\\\/privacy-cookie-policy\\\/\"]}]},{\"@type\":\"ImageObject\",\"inLanguage\":\"fr-FR\",\"@id\":\"https:\\\/\\\/xtraflex.com\\\/fr\\\/privacy-cookie-policy\\\/#primaryimage\",\"url\":\"https:\\\/\\\/xtraflex.com\\\/wp-content\\\/uploads\\\/2016\\\/12\\\/XTRAFLEX-2018-\u00a9-Jente-Willems-WEB-4348-scaled.jpg\",\"contentUrl\":\"https:\\\/\\\/xtraflex.com\\\/wp-content\\\/uploads\\\/2016\\\/12\\\/XTRAFLEX-2018-\u00a9-Jente-Willems-WEB-4348-scaled.jpg\",\"width\":2560,\"height\":1704},{\"@type\":\"BreadcrumbList\",\"@id\":\"https:\\\/\\\/xtraflex.com\\\/fr\\\/privacy-cookie-policy\\\/#breadcrumb\",\"itemListElement\":[{\"@type\":\"ListItem\",\"position\":1,\"name\":\"Home\",\"item\":\"https:\\\/\\\/xtraflex.com\\\/fr\\\/\"},{\"@type\":\"ListItem\",\"position\":2,\"name\":\"Privacy &#038; Cookie policy\"}]},{\"@type\":\"WebSite\",\"@id\":\"https:\\\/\\\/xtraflex.com\\\/fr\\\/#website\",\"url\":\"https:\\\/\\\/xtraflex.com\\\/fr\\\/\",\"name\":\"Xtraflex\",\"description\":\"En nog een WordPress site\",\"potentialAction\":[{\"@type\":\"SearchAction\",\"target\":{\"@type\":\"EntryPoint\",\"urlTemplate\":\"https:\\\/\\\/xtraflex.com\\\/fr\\\/?s={search_term_string}\"},\"query-input\":{\"@type\":\"PropertyValueSpecification\",\"valueRequired\":true,\"valueName\":\"search_term_string\"}}],\"inLanguage\":\"fr-FR\"}]}<\/script>\n<!-- \/ Yoast SEO plugin. -->","yoast_head_json":{"title":"Privacy & Cookie policy - Xtraflex","robots":{"index":"index","follow":"follow","max-snippet":"max-snippet:-1","max-image-preview":"max-image-preview:large","max-video-preview":"max-video-preview:-1"},"canonical":"https:\/\/xtraflex.com\/fr\/privacy-cookie-policy\/","og_locale":"fr_FR","og_type":"article","og_title":"Privacy & Cookie policy - Xtraflex","og_description":"R\u00e8gles G\u00e9n\u00e9rales\u00a0 Xtraflex, dont le si\u00e8ge social est \u00e9tabli \u00e0 Joseph Van Instraat 7, 2500 Lier, Belgique, inscrite \u00e0 la BCE sous le num\u00e9ro 0464.871.411 est responsable de traitement de vos donn\u00e9es personnelles sur le site www.xtraflex.com. Donn\u00e9es personnelles collect\u00e9es Les donn\u00e9es que vous nous communiquez Dans l\u2019application: Pr\u00e9nom Nom Num\u00e9ro de t\u00e9l\u00e8phone Adresse e-mail [&hellip;]","og_url":"https:\/\/xtraflex.com\/fr\/privacy-cookie-policy\/","og_site_name":"Xtraflex","article_modified_time":"2018-05-22T14:47:57+00:00","og_image":[{"width":2560,"height":1704,"url":"https:\/\/xtraflex.com\/wp-content\/uploads\/2016\/12\/XTRAFLEX-2018-\u00a9-Jente-Willems-WEB-4348-scaled.jpg","type":"image\/jpeg"}],"twitter_card":"summary_large_image","twitter_misc":{"Dur\u00e9e de lecture estim\u00e9e":"9 minutes"},"schema":{"@context":"https:\/\/schema.org","@graph":[{"@type":"WebPage","@id":"https:\/\/xtraflex.com\/fr\/privacy-cookie-policy\/","url":"https:\/\/xtraflex.com\/fr\/privacy-cookie-policy\/","name":"Privacy & Cookie policy - Xtraflex","isPartOf":{"@id":"https:\/\/xtraflex.com\/fr\/#website"},"primaryImageOfPage":{"@id":"https:\/\/xtraflex.com\/fr\/privacy-cookie-policy\/#primaryimage"},"image":{"@id":"https:\/\/xtraflex.com\/fr\/privacy-cookie-policy\/#primaryimage"},"thumbnailUrl":"https:\/\/xtraflex.com\/wp-content\/uploads\/2016\/12\/XTRAFLEX-2018-\u00a9-Jente-Willems-WEB-4348-scaled.jpg","datePublished":"2018-05-16T10:23:05+00:00","dateModified":"2018-05-22T14:47:57+00:00","breadcrumb":{"@id":"https:\/\/xtraflex.com\/fr\/privacy-cookie-policy\/#breadcrumb"},"inLanguage":"fr-FR","potentialAction":[{"@type":"ReadAction","target":["https:\/\/xtraflex.com\/fr\/privacy-cookie-policy\/"]}]},{"@type":"ImageObject","inLanguage":"fr-FR","@id":"https:\/\/xtraflex.com\/fr\/privacy-cookie-policy\/#primaryimage","url":"https:\/\/xtraflex.com\/wp-content\/uploads\/2016\/12\/XTRAFLEX-2018-\u00a9-Jente-Willems-WEB-4348-scaled.jpg","contentUrl":"https:\/\/xtraflex.com\/wp-content\/uploads\/2016\/12\/XTRAFLEX-2018-\u00a9-Jente-Willems-WEB-4348-scaled.jpg","width":2560,"height":1704},{"@type":"BreadcrumbList","@id":"https:\/\/xtraflex.com\/fr\/privacy-cookie-policy\/#breadcrumb","itemListElement":[{"@type":"ListItem","position":1,"name":"Home","item":"https:\/\/xtraflex.com\/fr\/"},{"@type":"ListItem","position":2,"name":"Privacy &#038; Cookie policy"}]},{"@type":"WebSite","@id":"https:\/\/xtraflex.com\/fr\/#website","url":"https:\/\/xtraflex.com\/fr\/","name":"Xtraflex","description":"En nog een WordPress site","potentialAction":[{"@type":"SearchAction","target":{"@type":"EntryPoint","urlTemplate":"https:\/\/xtraflex.com\/fr\/?s={search_term_string}"},"query-input":{"@type":"PropertyValueSpecification","valueRequired":true,"valueName":"search_term_string"}}],"inLanguage":"fr-FR"}]}},"_links":{"self":[{"href":"https:\/\/xtraflex.com\/fr\/wp-json\/wp\/v2\/pages\/4341","targetHints":{"allow":["GET"]}}],"collection":[{"href":"https:\/\/xtraflex.com\/fr\/wp-json\/wp\/v2\/pages"}],"about":[{"href":"https:\/\/xtraflex.com\/fr\/wp-json\/wp\/v2\/types\/page"}],"author":[{"embeddable":true,"href":"https:\/\/xtraflex.com\/fr\/wp-json\/wp\/v2\/users\/1"}],"replies":[{"embeddable":true,"href":"https:\/\/xtraflex.com\/fr\/wp-json\/wp\/v2\/comments?post=4341"}],"version-history":[{"count":5,"href":"https:\/\/xtraflex.com\/fr\/wp-json\/wp\/v2\/pages\/4341\/revisions"}],"predecessor-version":[{"id":4385,"href":"https:\/\/xtraflex.com\/fr\/wp-json\/wp\/v2\/pages\/4341\/revisions\/4385"}],"wp:featuredmedia":[{"embeddable":true,"href":"https:\/\/xtraflex.com\/fr\/wp-json\/wp\/v2\/media\/4309"}],"wp:attachment":[{"href":"https:\/\/xtraflex.com\/fr\/wp-json\/wp\/v2\/media?parent=4341"}],"curies":[{"name":"wp","href":"https:\/\/api.w.org\/{rel}","templated":true}]}}